{"id":6237,"date":"2023-07-05T10:45:38","date_gmt":"2023-07-05T09:45:38","guid":{"rendered":"https:\/\/supplyframe.com\/?page_id=6237"},"modified":"2024-06-19T22:40:08","modified_gmt":"2024-06-19T21:40:08","slug":"value-acceleration-services","status":"publish","type":"page","link":"https:\/\/intelligence.supplyframe.com\/fr\/value-acceleration-services\/","title":{"rendered":"Supplyframe Value Acceleration Services"},"content":{"rendered":"<h2>\n\t\tAper\u00e7u :\n\t<\/h2>\n<h5>\n\t\tSelect language:\n\t<\/h5>\n\t<div class=\"trp_language_switcher_shortcode\">\n<div class=\"trp-language-switcher trp-language-switcher-container\" data-no-translation>\n    <div class=\"trp-ls-shortcode-current-language\">\n        <a href=\"#\" class=\"trp-ls-shortcode-disabled-language trp-ls-disabled-language\" title=\"French\" onclick=\"event.preventDefault()\">\n\t\t\t<img loading=\"lazy\" decoding=\"async\" class=\"trp-flag-image\" src=\"https:\/\/intelligence.supplyframe.com\/wp-content\/plugins\/translatepress-multilingual\/assets\/images\/flags\/fr_FR.png\" width=\"18\" height=\"12\" alt=\"fr_FR\" title=\"French\"> French\t\t<\/a>\n    <\/div>\n    <div class=\"trp-ls-shortcode-language\">\n                <a href=\"#\" class=\"trp-ls-shortcode-disabled-language trp-ls-disabled-language\"  title=\"French\" onclick=\"event.preventDefault()\">\n\t\t\t<img loading=\"lazy\" decoding=\"async\" class=\"trp-flag-image\" src=\"https:\/\/intelligence.supplyframe.com\/wp-content\/plugins\/translatepress-multilingual\/assets\/images\/flags\/fr_FR.png\" width=\"18\" height=\"12\" alt=\"fr_FR\" title=\"French\"> French\t\t<\/a>\n                    <a href=\"https:\/\/intelligence.supplyframe.com\/fr\/wp-json\/wp\/v2\/pages\/6237\" title=\"English\">\n            <img loading=\"lazy\" decoding=\"async\" class=\"trp-flag-image\" src=\"https:\/\/intelligence.supplyframe.com\/wp-content\/plugins\/translatepress-multilingual\/assets\/images\/flags\/en_GB.png\" width=\"18\" height=\"12\" alt=\"en_GB\" title=\"English\"> English        <\/a>\n\n            <a href=\"https:\/\/intelligence.supplyframe.com\/fr\/wp-json\/wp\/v2\/pages\/6237\" title=\"Czech\">\n            <img loading=\"lazy\" decoding=\"async\" class=\"trp-flag-image\" src=\"https:\/\/intelligence.supplyframe.com\/wp-content\/plugins\/translatepress-multilingual\/assets\/images\/flags\/cs_CZ.png\" width=\"18\" height=\"12\" alt=\"cs_CZ\" title=\"Czech\"> Czech        <\/a>\n\n            <a href=\"https:\/\/intelligence.supplyframe.com\/fr\/wp-json\/wp\/v2\/pages\/6237\" title=\"Dutch\">\n            <img loading=\"lazy\" decoding=\"async\" class=\"trp-flag-image\" src=\"https:\/\/intelligence.supplyframe.com\/wp-content\/plugins\/translatepress-multilingual\/assets\/images\/flags\/nl_NL.png\" width=\"18\" height=\"12\" alt=\"nl_NL\" title=\"Dutch\"> Dutch        <\/a>\n\n            <a href=\"https:\/\/intelligence.supplyframe.com\/fr\/wp-json\/wp\/v2\/pages\/6237\" title=\"German\">\n            <img loading=\"lazy\" decoding=\"async\" class=\"trp-flag-image\" src=\"https:\/\/intelligence.supplyframe.com\/wp-content\/plugins\/translatepress-multilingual\/assets\/images\/flags\/de_DE.png\" width=\"18\" height=\"12\" alt=\"de_DE\" title=\"German\"> German        <\/a>\n\n            <a href=\"https:\/\/intelligence.supplyframe.com\/fr\/wp-json\/wp\/v2\/pages\/6237\" title=\"Italian\">\n            <img loading=\"lazy\" decoding=\"async\" class=\"trp-flag-image\" src=\"https:\/\/intelligence.supplyframe.com\/wp-content\/plugins\/translatepress-multilingual\/assets\/images\/flags\/it_IT.png\" width=\"18\" height=\"12\" alt=\"it_IT\" title=\"Italian\"> Italian        <\/a>\n\n            <a href=\"https:\/\/intelligence.supplyframe.com\/fr\/wp-json\/wp\/v2\/pages\/6237\" title=\"Japanese\">\n            <img loading=\"lazy\" decoding=\"async\" class=\"trp-flag-image\" src=\"https:\/\/intelligence.supplyframe.com\/wp-content\/plugins\/translatepress-multilingual\/assets\/images\/flags\/ja.png\" width=\"18\" height=\"12\" alt=\"ja\" title=\"Japanese\"> Japanese        <\/a>\n\n            <a href=\"https:\/\/intelligence.supplyframe.com\/fr\/wp-json\/wp\/v2\/pages\/6237\" title=\"Korean\">\n            <img loading=\"lazy\" decoding=\"async\" class=\"trp-flag-image\" src=\"https:\/\/intelligence.supplyframe.com\/wp-content\/plugins\/translatepress-multilingual\/assets\/images\/flags\/ko_KR.png\" width=\"18\" height=\"12\" alt=\"ko_KR\" title=\"Korean\"> Korean        <\/a>\n\n            <a href=\"https:\/\/intelligence.supplyframe.com\/fr\/wp-json\/wp\/v2\/pages\/6237\" title=\"Polish\">\n            <img loading=\"lazy\" decoding=\"async\" class=\"trp-flag-image\" src=\"https:\/\/intelligence.supplyframe.com\/wp-content\/plugins\/translatepress-multilingual\/assets\/images\/flags\/pl_PL.png\" width=\"18\" height=\"12\" alt=\"pl_PL\" title=\"Polish\"> Polish        <\/a>\n\n            <a href=\"https:\/\/intelligence.supplyframe.com\/fr\/wp-json\/wp\/v2\/pages\/6237\" title=\"Portuguese\">\n            <img loading=\"lazy\" decoding=\"async\" class=\"trp-flag-image\" src=\"https:\/\/intelligence.supplyframe.com\/wp-content\/plugins\/translatepress-multilingual\/assets\/images\/flags\/pt_PT.png\" width=\"18\" height=\"12\" alt=\"pt_PT\" title=\"Portuguese\"> Portuguese        <\/a>\n\n            <a href=\"https:\/\/intelligence.supplyframe.com\/fr\/wp-json\/wp\/v2\/pages\/6237\" title=\"Russian\">\n            <img loading=\"lazy\" decoding=\"async\" class=\"trp-flag-image\" src=\"https:\/\/intelligence.supplyframe.com\/wp-content\/plugins\/translatepress-multilingual\/assets\/images\/flags\/ru_RU.png\" width=\"18\" height=\"12\" alt=\"ru_RU\" title=\"Russian\"> Russian        <\/a>\n\n            <a href=\"https:\/\/intelligence.supplyframe.com\/fr\/wp-json\/wp\/v2\/pages\/6237\" title=\"Chinese\">\n            <img loading=\"lazy\" decoding=\"async\" class=\"trp-flag-image\" src=\"https:\/\/intelligence.supplyframe.com\/wp-content\/plugins\/translatepress-multilingual\/assets\/images\/flags\/zh_CN.png\" width=\"18\" height=\"12\" alt=\"zh_CN\" title=\"Chinese\"> Chinese        <\/a>\n\n            <a href=\"https:\/\/intelligence.supplyframe.com\/fr\/wp-json\/wp\/v2\/pages\/6237\" title=\"Spanish\">\n            <img loading=\"lazy\" decoding=\"async\" class=\"trp-flag-image\" src=\"https:\/\/intelligence.supplyframe.com\/wp-content\/plugins\/translatepress-multilingual\/assets\/images\/flags\/es_ES.png\" width=\"18\" height=\"12\" alt=\"es_ES\" title=\"Spanish\"> Spanish        <\/a>\n\n        <\/div>\n    <script type=\"application\/javascript\">\n        \/\/ need to have the same with set from JS on both divs. Otherwise it can push stuff around in HTML\n        var trp_ls_shortcodes = document.querySelectorAll('.trp_language_switcher_shortcode .trp-language-switcher');\n        if ( trp_ls_shortcodes.length > 0) {\n            \/\/ get the last language switcher added\n            var trp_el = trp_ls_shortcodes[trp_ls_shortcodes.length - 1];\n\n            var trp_shortcode_language_item = trp_el.querySelector( '.trp-ls-shortcode-language' )\n            \/\/ set width\n            var trp_ls_shortcode_width                                               = trp_shortcode_language_item.offsetWidth + 16;\n            trp_shortcode_language_item.style.width                                  = trp_ls_shortcode_width + 'px';\n            trp_el.querySelector( '.trp-ls-shortcode-current-language' ).style.width = trp_ls_shortcode_width + 'px';\n\n            \/\/ We're putting this on display: none after we have its width.\n            trp_shortcode_language_item.style.display = 'none';\n        }\n    <\/script>\n<\/div>\n<\/div>\n<h5>\n\t\tSF-NPI-ASP &#8211; Supplyframe NPI Value Acceleration SP\n\t<\/h5>\n\t<p>Le \u201cProgramme succ\u00e8s acc\u00e9l\u00e9ration des valeurs NPI \u00bb de Supplyframe est un abonnement de service qui permet aux clients de demander \u00e0 Siemens d\u00b4effectuer l\u00b4un des services suivants li\u00e9s \u00e0 l\u00b4offre SaaS NPI de Supplyframe pendant la dur\u00e9e de l\u00b4abonnement :<\/p>\n(i) assistance \u00e0 l\u00b4orchestration de la valeur et \u00e0 l\u00b4\u00e9tablissement d\u00b4un plan d\u00b4att\u00e9nuation\ndes risques,<br \/>\n(ii) assistance au processus de configuration via des sessions guid\u00e9es avec les super-\nutilisateurs,<br \/>\n(iii) sessions en ligne, services de configuration hors ligne et des formations en t\u00e9l\u00e9-\ndistance<br \/>\n(iv) sessions de formation avec instructeur sur la solution \u00ab\u00a0pr\u00eate \u00e0 l\u00b4emploi\u00a0\u00bb,\npr\u00e9paration des donn\u00e9es et conseils sur les t\u00e9l\u00e9chargements pour la mise en service\ninitiale,<br \/>\n(v) aide et support pour l\u00b4int\u00e9gration des donn\u00e9es,<br \/>\n(vi) recommandations et \u00e9valuations sur la r\u00e9alisation de la valeur\n<p>Siemens will make commercially reasonable efforts to fulfill customer&#8217;s requests for advice or consulting within 5 working days.<\/p>\n<h5>\n\t\tSF-DS-ASP &#8211; Supplyframe DirectSource Value ASP\n\t<\/h5>\n\t<p>Le \u00ab Programme succ\u00e8s acc\u00e9l\u00e9ration des valeurs Source Directe \u00bb de Supplyframe est un abonnement de service qui permet aux clients de demander \u00e0 Siemens d\u00b4effectuer l\u00b4un des services suivants li\u00e9s \u00e0 l\u00b4offre SaaS Source Direct de Supplyframe pendant la dur\u00e9e de l\u00b4abonnement :<\/p>\n(i) assistance \u00e0 l\u00b4orchestration de la valeur et \u00e0 l\u00b4\u00e9tablissement d\u00b4un plan d\u00b4att\u00e9nuation\ndes risques,<br \/>\n(ii) assistance au processus de configuration via des sessions guid\u00e9es avec les super-\nutilisateurs,<br \/>\n(iii) sessions en ligne, services de configuration hors ligne et des formations en t\u00e9l\u00e9-\ndistance<br \/>\n(iv) sessions de formation avec instructeur sur la solution \u00ab\u00a0pr\u00eate \u00e0 l\u00b4emploi\u00a0\u00bb,\npr\u00e9paration des donn\u00e9es et conseils sur les t\u00e9l\u00e9chargements pour la mise en service\ninitiale,<br \/>\n(v) aide et support pour l\u00b4int\u00e9gration des donn\u00e9es,<br \/>\n(vi) support Hypercare pendant les \u00e9v\u00e8nements du sourcing de la premi\u00e8re ann\u00e9e,\nrecommandations et \u00e9valuations sur la r\u00e9alisation de la valeur.\n<p>Siemens will make commercially reasonable efforts to fulfill customer&#8217;s requests for advice or consulting within 5 working days.<\/p>\n<h5>\n\t\tSF-BM-ASP &#8211; Supplyframe Buymanager Value Acceleration SP\n\t<\/h5>\n\t<p>Le \u201cProgramme succ\u00e8s acc\u00e9l\u00e9ration des valeurs Buymanager \u00bb de Supplyframe est un abonnement de service qui permet aux clients de demander \u00e0 Siemens d\u00b4effectuer l\u00b4un des services suivants li\u00e9s \u00e0 l\u00b4offre SaaS Buymanager de Supplyframe pendant la dur\u00e9e de l\u00b4abonnement :<\/p>\n(i) assistance \u00e0 l\u00b4orchestration de la valeur et \u00e0 l\u00b4\u00e9tablissement d\u00b4un plan d\u00b4att\u00e9nuation\ndes risques,<br \/>\n(ii) assistance au processus de configuration via des sessions guid\u00e9es avec les super-\nutilisateurs,<br \/>\n(iii) sessions en ligne, services de configuration hors ligne et des formations en t\u00e9l\u00e9-\ndistance<br \/>\n(iv) sessions de formation avec instructeur sur la solution \u00ab\u00a0pr\u00eate \u00e0 l\u00b4emploi\u00a0\u00bb,\npr\u00e9paration des donn\u00e9es et conseils sur les t\u00e9l\u00e9chargements pour la mise en service\ninitiale,<br \/>\n(v) aide et support pour l\u00b4int\u00e9gration des donn\u00e9es,<br \/>\n(vi) recommandations et \u00e9valuations sur la r\u00e9alisation de la valeur\n<p>Siemens will make commercially reasonable efforts to fulfill customer&#8217;s requests for advice or consulting within 5 working days.<\/p>\n<h5>\n\t\tSF-CPQ-ASP &#8211; Supplyframe CPQ Value Acceleration SP\n\t<\/h5>\n\t<p>Le \u201cProgramme succ\u00e8s acc\u00e9l\u00e9ration des valeurs CPQ \u00bb de Supplyframe est un abonnement de service qui permet aux clients de demander \u00e0 Siemens d\u00b4effectuer l\u00b4un des services suivants li\u00e9s \u00e0 l\u00b4offre SaaS CPQ de Supplyframe pendant la dur\u00e9e de l\u00b4abonnement :<\/p>\n(i) assistance \u00e0 l\u00b4orchestration de la valeur et \u00e0 l\u00b4\u00e9tablissement d\u00b4un plan d\u00b4att\u00e9nuation\ndes risques,<br \/>\n(ii) assistance au processus de configuration via des sessions guid\u00e9es avec les super-\nutilisateurs,<br \/>\n(iii) sessions en ligne, services de configuration hors ligne et des formations en t\u00e9l\u00e9-\ndistance<br \/>\n(iv) sessions de formation avec instructeur sur la solution \u00ab\u00a0pr\u00eate \u00e0 l\u00b4emploi\u00a0\u00bb,\npr\u00e9paration des donn\u00e9es et conseils sur les t\u00e9l\u00e9chargements pour la mise en service\ninitiale,<br \/>\n(v) aide et support pour l\u00b4int\u00e9gration des donn\u00e9es,<br \/>\n(vi) recommandations et \u00e9valuations sur la r\u00e9alisation de la valeur\n<p>Siemens will make commercially reasonable efforts to fulfill customer&#8217;s requests for advice or consulting within 5 working days.<\/p>","protected":false},"excerpt":{"rendered":"<p>Overview Select language: SF-NPI-ASP &#8211; Supplyframe NPI Value Acceleration SP The Supplyframe NPI Value Acceleration Success Program is a service subscription, which entitles a customer to request Siemens to perform any of following services related to the Supplyframe NPI SaaS Offering during the Subscription Term: (i) assistance in value orchestration and setting up a risk [&hellip;]<\/p>","protected":false},"author":20,"featured_media":0,"parent":0,"menu_order":0,"comment_status":"closed","ping_status":"closed","template":"page-static.php","meta":{"content-type":"","footnotes":""},"class_list":["post-6237","page","type-page","status-publish","hentry"],"blocksy_meta":[],"yoast_head":"<!-- This site is optimized with the Yoast SEO Premium plugin v25.3 (Yoast SEO v25.3) - https:\/\/yoast.com\/wordpress\/plugins\/seo\/ -->\n<title>Supplyframe Value Acceleration Services - Supplyframe<\/title>\n<meta name=\"robots\" content=\"index, follow, max-snippet:-1, max-image-preview:large, max-video-preview:-1\" \/>\n<link rel=\"canonical\" href=\"https:\/\/intelligence.supplyframe.com\/fr\/value-acceleration-services\/\" \/>\n<meta property=\"og:locale\" content=\"fr_FR\" \/>\n<meta property=\"og:type\" content=\"article\" \/>\n<meta property=\"og:title\" content=\"Supplyframe Value Acceleration Services\" \/>\n<meta property=\"og:description\" content=\"Overview Select language: SF-NPI-ASP &#8211; Supplyframe NPI Value Acceleration SP The Supplyframe NPI Value Acceleration Success Program is a service subscription, which entitles a customer to request Siemens to perform any of following services related to the Supplyframe NPI SaaS Offering during the Subscription Term: (i) assistance in value orchestration and setting up a risk [&hellip;]\" \/>\n<meta property=\"og:url\" content=\"https:\/\/intelligence.supplyframe.com\/fr\/value-acceleration-services\/\" \/>\n<meta property=\"og:site_name\" content=\"Supplyframe\" \/>\n<meta property=\"article:publisher\" content=\"https:\/\/www.facebook.com\/Supplyframe\" \/>\n<meta property=\"article:modified_time\" content=\"2024-06-19T21:40:08+00:00\" \/>\n<meta name=\"twitter:card\" content=\"summary_large_image\" \/>\n<meta name=\"twitter:site\" content=\"@Supplyframe\" \/>\n<meta name=\"twitter:label1\" content=\"Dur\u00e9e de lecture estim\u00e9e\" \/>\n\t<meta name=\"twitter:data1\" content=\"6 minutes\" \/>\n<script type=\"application\/ld+json\" class=\"yoast-schema-graph\">{\"@context\":\"https:\/\/schema.org\",\"@graph\":[{\"@type\":\"WebPage\",\"@id\":\"https:\/\/intelligence.supplyframe.com\/value-acceleration-services\/\",\"url\":\"https:\/\/intelligence.supplyframe.com\/value-acceleration-services\/\",\"name\":\"Supplyframe Value Acceleration Services - Supplyframe\",\"isPartOf\":{\"@id\":\"https:\/\/intelligence.supplyframe.com\/#website\"},\"datePublished\":\"2023-07-05T09:45:38+00:00\",\"dateModified\":\"2024-06-19T21:40:08+00:00\",\"breadcrumb\":{\"@id\":\"https:\/\/intelligence.supplyframe.com\/value-acceleration-services\/#breadcrumb\"},\"inLanguage\":\"fr-FR\",\"potentialAction\":[{\"@type\":\"ReadAction\",\"target\":[\"https:\/\/intelligence.supplyframe.com\/value-acceleration-services\/\"]}]},{\"@type\":\"BreadcrumbList\",\"@id\":\"https:\/\/intelligence.supplyframe.com\/value-acceleration-services\/#breadcrumb\",\"itemListElement\":[{\"@type\":\"ListItem\",\"position\":1,\"name\":\"Home\",\"item\":\"https:\/\/intelligence.supplyframe.com\/\"},{\"@type\":\"ListItem\",\"position\":2,\"name\":\"Supplyframe Value Acceleration Services\"}]},{\"@type\":\"WebSite\",\"@id\":\"https:\/\/intelligence.supplyframe.com\/#website\",\"url\":\"https:\/\/intelligence.supplyframe.com\/\",\"name\":\"Supplyframe\",\"description\":\"Supply Chain Resources for Electronics Manufacturing Professionals\",\"publisher\":{\"@id\":\"https:\/\/intelligence.supplyframe.com\/#organization\"},\"potentialAction\":[{\"@type\":\"SearchAction\",\"target\":{\"@type\":\"EntryPoint\",\"urlTemplate\":\"https:\/\/intelligence.supplyframe.com\/?s={search_term_string}\"},\"query-input\":{\"@type\":\"PropertyValueSpecification\",\"valueRequired\":true,\"valueName\":\"search_term_string\"}}],\"inLanguage\":\"fr-FR\"},{\"@type\":\"Organization\",\"@id\":\"https:\/\/intelligence.supplyframe.com\/#organization\",\"name\":\"Supplyframe\",\"url\":\"https:\/\/intelligence.supplyframe.com\/\",\"logo\":{\"@type\":\"ImageObject\",\"inLanguage\":\"fr-FR\",\"@id\":\"https:\/\/intelligence.supplyframe.com\/#\/schema\/logo\/image\/\",\"url\":\"https:\/\/intelligence.supplyframe.com\/wp-content\/uploads\/2020\/08\/supplyframe-logo.png\",\"contentUrl\":\"https:\/\/intelligence.supplyframe.com\/wp-content\/uploads\/2020\/08\/supplyframe-logo.png\",\"width\":200,\"height\":45,\"caption\":\"Supplyframe\"},\"image\":{\"@id\":\"https:\/\/intelligence.supplyframe.com\/#\/schema\/logo\/image\/\"},\"sameAs\":[\"https:\/\/www.facebook.com\/Supplyframe\",\"https:\/\/x.com\/Supplyframe\",\"https:\/\/www.instagram.com\/supplyframe\/?hl=en\",\"https:\/\/www.linkedin.com\/company\/supplyframe\/\",\"https:\/\/www.youtube.com\/channel\/UCQshZe3jEHdF08FBZuZJKCg\"]}]}<\/script>\n<!-- \/ Yoast SEO Premium plugin. -->","yoast_head_json":{"title":"Supplyframe Value Acceleration Services - Supplyframe","robots":{"index":"index","follow":"follow","max-snippet":"max-snippet:-1","max-image-preview":"max-image-preview:large","max-video-preview":"max-video-preview:-1"},"canonical":"https:\/\/intelligence.supplyframe.com\/fr\/value-acceleration-services\/","og_locale":"fr_FR","og_type":"article","og_title":"Supplyframe Value Acceleration Services","og_description":"Overview Select language: SF-NPI-ASP &#8211; Supplyframe NPI Value Acceleration SP The Supplyframe NPI Value Acceleration Success Program is a service subscription, which entitles a customer to request Siemens to perform any of following services related to the Supplyframe NPI SaaS Offering during the Subscription Term: (i) assistance in value orchestration and setting up a risk [&hellip;]","og_url":"https:\/\/intelligence.supplyframe.com\/fr\/value-acceleration-services\/","og_site_name":"Supplyframe","article_publisher":"https:\/\/www.facebook.com\/Supplyframe","article_modified_time":"2024-06-19T21:40:08+00:00","twitter_card":"summary_large_image","twitter_site":"@Supplyframe","twitter_misc":{"Dur\u00e9e de lecture estim\u00e9e":"6 minutes"},"schema":{"@context":"https:\/\/schema.org","@graph":[{"@type":"WebPage","@id":"https:\/\/intelligence.supplyframe.com\/value-acceleration-services\/","url":"https:\/\/intelligence.supplyframe.com\/value-acceleration-services\/","name":"Supplyframe Value Acceleration Services - Supplyframe","isPartOf":{"@id":"https:\/\/intelligence.supplyframe.com\/#website"},"datePublished":"2023-07-05T09:45:38+00:00","dateModified":"2024-06-19T21:40:08+00:00","breadcrumb":{"@id":"https:\/\/intelligence.supplyframe.com\/value-acceleration-services\/#breadcrumb"},"inLanguage":"fr-FR","potentialAction":[{"@type":"ReadAction","target":["https:\/\/intelligence.supplyframe.com\/value-acceleration-services\/"]}]},{"@type":"BreadcrumbList","@id":"https:\/\/intelligence.supplyframe.com\/value-acceleration-services\/#breadcrumb","itemListElement":[{"@type":"ListItem","position":1,"name":"Home","item":"https:\/\/intelligence.supplyframe.com\/"},{"@type":"ListItem","position":2,"name":"Supplyframe Value Acceleration Services"}]},{"@type":"WebSite","@id":"https:\/\/intelligence.supplyframe.com\/#website","url":"https:\/\/intelligence.supplyframe.com\/","name":"Supplyframe","description":"Supply Chain Resources for Electronics Manufacturing Professionals","publisher":{"@id":"https:\/\/intelligence.supplyframe.com\/#organization"},"potentialAction":[{"@type":"SearchAction","target":{"@type":"EntryPoint","urlTemplate":"https:\/\/intelligence.supplyframe.com\/?s={search_term_string}"},"query-input":{"@type":"PropertyValueSpecification","valueRequired":true,"valueName":"search_term_string"}}],"inLanguage":"fr-FR"},{"@type":"Organization","@id":"https:\/\/intelligence.supplyframe.com\/#organization","name":"Supplyframe","url":"https:\/\/intelligence.supplyframe.com\/","logo":{"@type":"ImageObject","inLanguage":"fr-FR","@id":"https:\/\/intelligence.supplyframe.com\/#\/schema\/logo\/image\/","url":"https:\/\/intelligence.supplyframe.com\/wp-content\/uploads\/2020\/08\/supplyframe-logo.png","contentUrl":"https:\/\/intelligence.supplyframe.com\/wp-content\/uploads\/2020\/08\/supplyframe-logo.png","width":200,"height":45,"caption":"Supplyframe"},"image":{"@id":"https:\/\/intelligence.supplyframe.com\/#\/schema\/logo\/image\/"},"sameAs":["https:\/\/www.facebook.com\/Supplyframe","https:\/\/x.com\/Supplyframe","https:\/\/www.instagram.com\/supplyframe\/?hl=en","https:\/\/www.linkedin.com\/company\/supplyframe\/","https:\/\/www.youtube.com\/channel\/UCQshZe3jEHdF08FBZuZJKCg"]}]}},"_links":{"self":[{"href":"https:\/\/intelligence.supplyframe.com\/fr\/wp-json\/wp\/v2\/pages\/6237","targetHints":{"allow":["GET"]}}],"collection":[{"href":"https:\/\/intelligence.supplyframe.com\/fr\/wp-json\/wp\/v2\/pages"}],"about":[{"href":"https:\/\/intelligence.supplyframe.com\/fr\/wp-json\/wp\/v2\/types\/page"}],"author":[{"embeddable":true,"href":"https:\/\/intelligence.supplyframe.com\/fr\/wp-json\/wp\/v2\/users\/20"}],"replies":[{"embeddable":true,"href":"https:\/\/intelligence.supplyframe.com\/fr\/wp-json\/wp\/v2\/comments?post=6237"}],"version-history":[{"count":0,"href":"https:\/\/intelligence.supplyframe.com\/fr\/wp-json\/wp\/v2\/pages\/6237\/revisions"}],"wp:attachment":[{"href":"https:\/\/intelligence.supplyframe.com\/fr\/wp-json\/wp\/v2\/media?parent=6237"}],"curies":[{"name":"wp","href":"https:\/\/api.w.org\/{rel}","templated":true}]}}